{"id":679,"date":"2025-06-11T09:01:10","date_gmt":"2025-06-11T09:01:10","guid":{"rendered":"http:\/\/www.theupperside.com\/?page_id=679"},"modified":"2025-06-11T09:27:15","modified_gmt":"2025-06-11T09:27:15","slug":"elementor-679","status":"publish","type":"page","link":"https:\/\/www.theupperside.com\/en\/elementor-679\/","title":{"rendered":"Hakk\u0131m\u0131zda"},"content":{"rendered":"<div data-elementor-type=\"wp-page\" data-elementor-id=\"679\" class=\"elementor elementor-679\">\n\t\t\t\t<div class=\"elementor-element elementor-element-506ac3e e-flex e-con-boxed e-con e-parent\" data-id=\"506ac3e\" data-element_type=\"container\" data-e-type=\"container\">\n\t\t\t\t\t<div class=\"e-con-inner\">\n\t\t\t\t<div class=\"elementor-element elementor-element-8086565 elementor-widget elementor-widget-cristiano_heading\" data-id=\"8086565\" data-element_type=\"widget\" data-e-type=\"widget\" data-widget_type=\"cristiano_heading.default\">\n\t\t\t\t<div class=\"elementor-widget-container\">\n\t\t\t\t\t\t\t\t<div class=\"heading\">\n\t\t\t\t<h2 class=\"title\">Comfort Food, Rahat, Doyurucu &amp; Lezzetli.<\/h2>\n\t\t\t\t<p class=\"subtitle\">The Upper Side<\/p>\n\t\t\t<\/div>\n\t\t\t\t\t\t<\/div>\n\t\t\t\t<\/div>\n\t\t\t\t\t<\/div>\n\t\t\t\t<\/div>\n\t\t<div class=\"elementor-element elementor-element-5551d49 e-flex e-con-boxed e-con e-parent\" data-id=\"5551d49\" data-element_type=\"container\" data-e-type=\"container\">\n\t\t\t\t\t<div class=\"e-con-inner\">\n\t\t\t\t<div class=\"elementor-element elementor-element-06ed299 elementor-widget elementor-widget-text-editor\" data-id=\"06ed299\" data-element_type=\"widget\" data-e-type=\"widget\" data-widget_type=\"text-editor.default\">\n\t\t\t\t<div class=\"elementor-widget-container\">\n\t\t\t\t\t\t\t\t\t<p>\u00a0Upper Side, \u015fehrin konforlu yemek noktas\u0131 olma hayaliyle yola \u00e7\u0131kan bir ekip taraf\u0131ndan kuruldu.<br \/>Amac\u0131m\u0131z basit ama iddial\u0131: Her lokmada sizi iyi hissettiren, ula\u015f\u0131lmas\u0131 kolay ve doyurucu yemekler sunmak.<\/p><p>Biz buna comfort food diyoruz.<br \/>Comfort food, sadece tan\u0131d\u0131k tatlar de\u011fil; ayn\u0131 zamanda g\u00fcn\u00fcn stresinden uzakla\u015fmak ve i\u00e7ten gelen bir memnuniyet hissidir.<br \/>Bu, hem damak zevkine hem de ruhuna hitap eden bir yemek deneyimidir.<\/p><p>Upper Side, Antalya\u2019n\u0131n dinamizmini ta\u015f\u0131yan samimi atmosferinde, d\u00fcnyan\u0131n farkl\u0131 k\u00f6\u015felerinden gelen lezzetleri bir araya getiriyor.<br \/>Modern sokak mutfa\u011f\u0131ndan klasik tariflere, her biri \u00f6zenle se\u00e7ilmi\u015f ve kendi yorumumuzla harmanlanm\u0131\u015f tatlar sunuyoruz.<\/p><p>Her tabakta biraz ev s\u0131cakl\u0131\u011f\u0131, biraz d\u00fcnya gezgini ruhu var.<br \/>\u00c7\u00fcnk\u00fc biz yemek yemeyi bir zorunluluktan \u00e7ok bir an\u2019a d\u00f6n\u00fc\u015ft\u00fcrmeyi seviyoruz.<\/p><p>Yaln\u0131z bir \u00f6\u011fle aras\u0131 molas\u0131 ya da dostlarla payla\u015f\u0131lan ne\u015feli bir ak\u015fam yeme\u011fi\u2026<br \/>Upper Side, size s\u0131cak, rahat ve unutulmaz bir lezzet deneyimi\u00a0vaat\u00a0ediyor.<\/p>\t\t\t\t\t\t\t\t<\/div>\n\t\t\t\t<\/div>\n\t\t\t\t\t<\/div>\n\t\t\t\t<\/div>\n\t\t\t\t<\/div>","protected":false},"excerpt":{"rendered":"<p>Comfort Food, Rahat, Doyurucu &amp; Lezzetli. The Upper Side \u00a0Upper Side, \u015fehrin konforlu yemek noktas\u0131 olma hayaliyle yola \u00e7\u0131kan bir ekip taraf\u0131ndan kuruldu.Amac\u0131m\u0131z basit ama iddial\u0131: Her lokmada sizi iyi&#8230;<\/p>","protected":false},"author":2,"featured_media":174,"parent":0,"menu_order":0,"comment_status":"closed","ping_status":"closed","template":"","meta":{"footnotes":""},"class_list":["post-679","page","type-page","status-publish","has-post-thumbnail","hentry"],"_links":{"self":[{"href":"https:\/\/www.theupperside.com\/en\/wp-json\/wp\/v2\/pages\/679","targetHints":{"allow":["GET"]}}],"collection":[{"href":"https:\/\/www.theupperside.com\/en\/wp-json\/wp\/v2\/pages"}],"about":[{"href":"https:\/\/www.theupperside.com\/en\/wp-json\/wp\/v2\/types\/page"}],"author":[{"embeddable":true,"href":"https:\/\/www.theupperside.com\/en\/wp-json\/wp\/v2\/users\/2"}],"replies":[{"embeddable":true,"href":"https:\/\/www.theupperside.com\/en\/wp-json\/wp\/v2\/comments?post=679"}],"version-history":[{"count":25,"href":"https:\/\/www.theupperside.com\/en\/wp-json\/wp\/v2\/pages\/679\/revisions"}],"predecessor-version":[{"id":707,"href":"https:\/\/www.theupperside.com\/en\/wp-json\/wp\/v2\/pages\/679\/revisions\/707"}],"wp:featuredmedia":[{"embeddable":true,"href":"https:\/\/www.theupperside.com\/en\/wp-json\/wp\/v2\/media\/174"}],"wp:attachment":[{"href":"https:\/\/www.theupperside.com\/en\/wp-json\/wp\/v2\/media?parent=679"}],"curies":[{"name":"wp","href":"https:\/\/api.w.org\/{rel}","templated":true}]}}