{"id":5,"date":"2024-07-21T08:21:21","date_gmt":"2024-07-21T08:21:21","guid":{"rendered":"https:\/\/cristiano.ukrdevs.com\/restaurant\/elementor\/?page_id=5"},"modified":"2025-06-14T09:45:33","modified_gmt":"2025-06-14T09:45:33","slug":"home","status":"publish","type":"page","link":"https:\/\/www.theupperside.com\/en\/","title":{"rendered":"Home"},"content":{"rendered":"\t\t<div data-elementor-type=\"wp-page\" data-elementor-id=\"5\" class=\"elementor elementor-5\">\n\t\t\t\t<div class=\"elementor-element elementor-element-978365b e-flex e-con-boxed e-con e-parent\" data-id=\"978365b\" data-element_type=\"container\" data-e-type=\"container\">\n\t\t\t\t\t<div class=\"e-con-inner\">\n\t\t\t\t<div class=\"elementor-element elementor-element-184d476 elementor-widget elementor-widget-restorator_herro_widget\" data-id=\"184d476\" data-element_type=\"widget\" data-e-type=\"widget\" data-widget_type=\"restorator_herro_widget.default\">\n\t\t\t\t<div class=\"elementor-widget-container\">\n\t\t\t\t\t\t\t\n\t\t<div class=\"herro alignfull header-shade\">\t\n\t\t\t<div class=\"content\">\n\t\t\t\t<div class=\"inner\">\n\t\t\t\t\t\t\t\t\t\t\t\t\t\t\t\t<div class=\"herro-heading title-elegant\">\n\t\t\t\t\t\t\t\t\t\t\t\t\t\t\t<h1 class=\"title dynamic-shadow\" >The Upper Side<\/h1>\n\t\t\t\t\t\t\t\n\t\t\t\t\t\t\t\t\t\t\t\t\t\t\t<p class=\"subtitle\" >Fener Yolu Lara<\/p>\n\t\t\t\t\t\t\t\t\t\t\t\t\t<\/div>\n\t\t\t\t\t\t\n\t\t\t\t\t<div class=\"desc\">\n\t\t\t\t\t\t<p>Bistro &amp; Bar mutfa\u011f\u0131m\u0131za ho\u015f geldiniz.<\/p>\n\t\t\t\t\t<\/div>\n\t\t\t\t\t\t\t\t\t\t\t<a class=\"btn btn-elegant\"href=\"https:\/\/www.theupperside.com\/mainmenunew\">\n\t\t\t\t\t\t\tMen\u00fcm\u00fcz\t\t\t\t\t\t<\/a>\n\t\t\t\t\t\t\t\t\t<\/div>\n\t\t\t<\/div>\n\t\t\t\t\t\t\t<div class=\"swiper herro-imgs-slider parallax-top\">\n\t\t\t\t\t<div class=\"swiper-wrapper\">\n\t\t\t\t\t\t\t\t\t\t\t<div class=\"swiper-slide\">\n\t\t\t\t\t\t\t<img fetchpriority=\"high\" decoding=\"async\" width=\"2560\" height=\"1707\" src=\"https:\/\/www.theupperside.com\/wp-content\/uploads\/2024\/07\/herro-slide-2.jpg\" class=\"attachment-full size-full\" alt=\"\" srcset=\"https:\/\/www.theupperside.com\/wp-content\/uploads\/2024\/07\/herro-slide-2.jpg 2560w, https:\/\/www.theupperside.com\/wp-content\/uploads\/2024\/07\/herro-slide-2-408x272.jpg 408w, https:\/\/www.theupperside.com\/wp-content\/uploads\/2024\/07\/herro-slide-2-754x502.jpg 754w, https:\/\/www.theupperside.com\/wp-content\/uploads\/2024\/07\/herro-slide-2-857x571.jpg 857w, https:\/\/www.theupperside.com\/wp-content\/uploads\/2024\/07\/herro-slide-2-1620x1080.jpg 1620w\" sizes=\"(max-width: 2560px) 100vw, 2560px\" \/>\t\t\t\t\t\t<\/div>\n\t\t\t\t\t\t\t\t\t\t\t<div class=\"swiper-slide\">\n\t\t\t\t\t\t\t<img decoding=\"async\" width=\"2560\" height=\"1707\" src=\"https:\/\/www.theupperside.com\/wp-content\/uploads\/2024\/07\/herro-slide-1.jpg\" class=\"attachment-full size-full\" alt=\"\" srcset=\"https:\/\/www.theupperside.com\/wp-content\/uploads\/2024\/07\/herro-slide-1.jpg 2560w, https:\/\/www.theupperside.com\/wp-content\/uploads\/2024\/07\/herro-slide-1-408x272.jpg 408w, https:\/\/www.theupperside.com\/wp-content\/uploads\/2024\/07\/herro-slide-1-754x502.jpg 754w, https:\/\/www.theupperside.com\/wp-content\/uploads\/2024\/07\/herro-slide-1-857x571.jpg 857w, https:\/\/www.theupperside.com\/wp-content\/uploads\/2024\/07\/herro-slide-1-1620x1080.jpg 1620w\" sizes=\"(max-width: 2560px) 100vw, 2560px\" \/>\t\t\t\t\t\t<\/div>\n\t\t\t\t\t\t\n\t\t\t\t\t<\/div>\n\t\t\t\t<\/div>\n\t\t\t\t\n\t\t\t\t\t\t<span class=\"shade\"><\/span>\n\t\t\t\t\t<\/div>\n\t\t\n\t\t\t\t\t\t<\/div>\n\t\t\t\t<\/div>\n\t\t\t\t\t<\/div>\n\t\t\t\t<\/div>\n\t\t<div class=\"elementor-element elementor-element-e1cfdcb e-flex e-con-boxed e-con e-parent\" data-id=\"e1cfdcb\" data-element_type=\"container\" data-e-type=\"container\">\n\t\t\t\t\t<div class=\"e-con-inner\">\n\t\t\t\t<div class=\"elementor-element elementor-element-e2cfad0 elementor-widget elementor-widget-cristiano_call_action_slider\" data-id=\"e2cfad0\" data-element_type=\"widget\" data-e-type=\"widget\" data-widget_type=\"cristiano_call_action_slider.default\">\n\t\t\t\t<div class=\"elementor-widget-container\">\n\t\t\t\t\t\t\t\t<div class=\"promo-swiper swiper alignfull\">\n\t\t\t\t<div class=\"promo-slider swiper-wrapper\">\n\t\t\t\t\t\t\t\t\t\t\t<div class=\"promo-slider__item swiper-slide\">\n\t\t\t\t\t\t\t<div class=\"promo-slider__details-wrap\">\t\n\t\t\t\t\t\t\t\t<div class=\"promo-slider__details\">\n\t\t\t\t\t\t\t\t\t<h2 class=\"promo-slider__title\">\u0130MZA \u00dcR\u00dcN\u00dcM\u00dcZ <\/h2>\n\t\t\t\t\t\t\t\t\t<div class=\"promo-slider__desc\">\n\t\t\t\t\t\t\t\t\t\t<p>8 et sandavi\u00e7, \u00f6zenle se\u00e7ilmi\u015f dana etinin 8 saat boyunca farkl\u0131 y\u00f6ntemlerle pi\u015firilerek kendi suyu ile ta\u015f f\u0131r\u0131n ekme\u011finde sunuyoruz<\/p>\n\t\t\t\t\t\t\t\t\t\t\n\t\t\t\t\t\t\t\t\t<\/div>\n\t\t\t\t\t\t\t\t\t\t\t\t\t\t\t\t\t\t\t<div class=\"btn-section btn-section--small-ident\">\n\t\t\t\t\t\t\t\t\t\t\t<a href=\"\/mainmenunew\" class=\"btn btn-elegant\">MEN\u00dcM\u00dcZ<\/a>\n\t\t\t\t\t\t\t\t\t\t<\/div>\n\t\t\t\t\t\t\t\t\t\t\t\t\t\t\t\t\t<\/div>\n\t\t\t\t\t\t\t\t\t\t\t\t\t\t\t\t\t<div class=\"promo-slider__nav\">\n\t\t\t\t\t\t\t\t\t\t<button class=\"promo-slider__btn-nav promo-slider__btn-nav--prev\">\u2039<\/button>\n\t\t\t\t\t\t\t\t\t\t<button class=\"promo-slider__btn-nav promo-slider__btn-nav--next\">\u203a<\/button>\n\t\t\t\t\t\t\t\t\t<\/div>\n\t\t\t\t\t\t\t\t\t\t\t\t\t\t\t<\/div>\n\t\t\t\t\t\t\t<img decoding=\"async\" width=\"1620\" height=\"1080\" src=\"https:\/\/www.theupperside.com\/wp-content\/uploads\/2024\/07\/post-1-1620x1080.jpg\" class=\"cover parallax\" alt=\"\" srcset=\"https:\/\/www.theupperside.com\/wp-content\/uploads\/2024\/07\/post-1-1620x1080.jpg 1620w, https:\/\/www.theupperside.com\/wp-content\/uploads\/2024\/07\/post-1-408x272.jpg 408w, https:\/\/www.theupperside.com\/wp-content\/uploads\/2024\/07\/post-1-754x502.jpg 754w, https:\/\/www.theupperside.com\/wp-content\/uploads\/2024\/07\/post-1-857x571.jpg 857w, https:\/\/www.theupperside.com\/wp-content\/uploads\/2024\/07\/post-1.jpg 1920w\" sizes=\"(max-width: 1620px) 100vw, 1620px\" \/>\t\t\t\t\t\t\n\t\t\t\t\t\t<\/div>\t\n\t\t\t\t\t\t\t\t\t\t\t<div class=\"promo-slider__item swiper-slide\">\n\t\t\t\t\t\t\t<div class=\"promo-slider__details-wrap\">\t\n\t\t\t\t\t\t\t\t<div class=\"promo-slider__details\">\n\t\t\t\t\t\t\t\t\t<h2 class=\"promo-slider__title\">EN SEV\u0130LEN <\/h2>\n\t\t\t\t\t\t\t\t\t<div class=\"promo-slider__desc\">\n\t\t\t\t\t\t\t\t\t\t<p>Kendi yapt\u0131\u011f\u0131m\u0131z Vodka sos ve Pesto sos ile birle\u015ftirdi\u011fimiz k\u0131zarm\u0131\u015f tavuk bonfilenin dayan\u0131lmaz kombinasyonu.<\/p>\n\t\t\t\t\t\t\t\t\t\t\n\t\t\t\t\t\t\t\t\t<\/div>\n\t\t\t\t\t\t\t\t\t\t\t\t\t\t\t\t\t\t\t<div class=\"btn-section btn-section--small-ident\">\n\t\t\t\t\t\t\t\t\t\t\t<a href=\"\/mainmenunew\" class=\"btn btn-elegant\">MEN\u00dcM\u00dcZ<\/a>\n\t\t\t\t\t\t\t\t\t\t<\/div>\n\t\t\t\t\t\t\t\t\t\t\t\t\t\t\t\t\t<\/div>\n\t\t\t\t\t\t\t\t\t\t\t\t\t\t\t\t\t<div class=\"promo-slider__nav\">\n\t\t\t\t\t\t\t\t\t\t<button class=\"promo-slider__btn-nav promo-slider__btn-nav--prev\">\u2039<\/button>\n\t\t\t\t\t\t\t\t\t\t<button class=\"promo-slider__btn-nav promo-slider__btn-nav--next\">\u203a<\/button>\n\t\t\t\t\t\t\t\t\t<\/div>\n\t\t\t\t\t\t\t\t\t\t\t\t\t\t\t<\/div>\n\t\t\t\t\t\t\t<img loading=\"lazy\" decoding=\"async\" width=\"1620\" height=\"1080\" src=\"https:\/\/www.theupperside.com\/wp-content\/uploads\/2024\/07\/herro-slide-1-1620x1080.jpg\" class=\"cover parallax\" alt=\"\" srcset=\"https:\/\/www.theupperside.com\/wp-content\/uploads\/2024\/07\/herro-slide-1-1620x1080.jpg 1620w, https:\/\/www.theupperside.com\/wp-content\/uploads\/2024\/07\/herro-slide-1-408x272.jpg 408w, https:\/\/www.theupperside.com\/wp-content\/uploads\/2024\/07\/herro-slide-1-754x502.jpg 754w, https:\/\/www.theupperside.com\/wp-content\/uploads\/2024\/07\/herro-slide-1-857x571.jpg 857w\" sizes=\"(max-width: 1620px) 100vw, 1620px\" \/>\t\t\t\t\t\t\n\t\t\t\t\t\t<\/div>\t\n\t\t\t\t\t\t\t\t\t\t\n\t\t\t\t<\/div>\n\t\n\t\t\t\t\t\t\t\t<script>\n\t\t\t\t\tnew Swiper('.promo-swiper', {\n\t\t\t\t\t\tslidesPerView:1,\n\t\t\t\t\t\tspaceBetween: 0,\n\t\t\t\t\t\tloop: true,\n\t\t\t\t\t\tspeed: 500,\n\t\t\t\t\t\tautoplay: { delay: 4000, disableOnInteraction: true },\n\t\t\t\t\t\tnavigation: {\n\t\t\t\t\t\t\tnextEl: '.promo-slider__btn-nav--next',\n\t\t\t\t\t\t\tprevEl: '.promo-slider__btn-nav--prev',\n\t\t\t\t\t\t},\t\t\t\t\t\t\t\n\t\t\t\t\t});\t\n\t\t\t\t<\/script>\n\t\t\t\t\t\t\t<\/div>\n\t\t\n\t\t\t\t\t\t<\/div>\n\t\t\t\t<\/div>\n\t\t\t\t\t<\/div>\n\t\t\t\t<\/div>\n\t\t<div class=\"elementor-element elementor-element-bb306a3 e-flex e-con-boxed e-con e-parent\" data-id=\"bb306a3\" data-element_type=\"container\" data-e-type=\"container\">\n\t\t\t\t\t<div class=\"e-con-inner\">\n\t\t\t\t<div class=\"elementor-element elementor-element-f9cbf92 elementor-widget elementor-widget-cristiano_heading\" data-id=\"f9cbf92\" data-element_type=\"widget\" data-e-type=\"widget\" data-widget_type=\"cristiano_heading.default\">\n\t\t\t\t<div class=\"elementor-widget-container\">\n\t\t\t\t\t\t\t\t<div class=\"heading\">\n\t\t\t\t<h2 class=\"title\">\u015fef\u0130n tavs\u0130yeler\u0130<\/h2>\n\t\t\t\t<p class=\"subtitle\">Upperside Special<\/p>\n\t\t\t<\/div>\n\t\t\t\t\t\t<\/div>\n\t\t\t\t<\/div>\n\t\t\t\t<div class=\"elementor-element elementor-element-2773423 elementor-widget elementor-widget-cristiano_menu_preview\" data-id=\"2773423\" data-element_type=\"widget\" data-e-type=\"widget\" data-widget_type=\"cristiano_menu_preview.default\">\n\t\t\t\t<div class=\"elementor-widget-container\">\n\t\t\t\t\t\t\t\t\n\t\t\t<div id=\"our-menu-preview\" class=\"\">\n\t\t\t\t\t\t\t\t\t\t\t\t\t<ul class=\"restorator-menu\">\n\t\t\t\t\t\t<li class=\"restorator-menu-item  post-668 dishes_menu type-dishes_menu status-publish has-post-thumbnail hentry dishes_categories-bsandvicler\">\r\n\t\t\t\r\n\t\t<div class=\"restorator-menu-item__thumbnail\">\r\n\t\t\t<span class=\"restorator-menu-item__thumbnail-zoom\" style=\"transform: rotate(-1deg)\">\r\n\t\t\t\t<img loading=\"lazy\" decoding=\"async\" width=\"400\" height=\"272\" src=\"https:\/\/www.theupperside.com\/wp-content\/uploads\/2025\/06\/4-400x272.jpg\" class=\"attachment-medium size-medium wp-post-image\" alt=\"\" \/>\t\t\t<\/span>\r\n\t\t\t<img loading=\"lazy\" decoding=\"async\" width=\"150\" height=\"150\" src=\"https:\/\/www.theupperside.com\/wp-content\/uploads\/2025\/06\/4-150x150.jpg\" class=\"attachment-thumbnail size-thumbnail wp-post-image\" alt=\"\" srcset=\"https:\/\/www.theupperside.com\/wp-content\/uploads\/2025\/06\/4-150x150.jpg 150w, https:\/\/www.theupperside.com\/wp-content\/uploads\/2025\/06\/4.jpg 400w\" sizes=\"(max-width: 150px) 100vw, 150px\" \/>\t\t<\/div>\t\t\t\r\n\t\t<div class=\"restorator-menu-item__entry\">\r\n\t\t<div class=\"restorator-menu-item__heading\">\r\n\t\t\t<h3 class=\"restorator-menu-item__title\">\r\n\t\t\t\t<a href=\"https:\/\/www.theupperside.com\/en\/mainmenu\/votka-soslu-tavuk\/\" class=\"restorator-menu-item__title-link\">\r\n\t\t\t\t\tvotka soslu tavuklu sandvi\u00e7\t\t\t\t<\/a>\r\n\t\t\t<\/h3>\r\n\t\t\t<hr>\r\n\t\t\t<span class=\"restorator-menu-item__price\">600 <span class=\"currency\">\u20ba<\/span><\/span>\t\t<\/div>\r\n\t\t<div class=\"restorator-menu-item__desc\">\r\n\t\t\t\t\t\t\t\t\t\t\t\t\t\t<ul class=\"multi-price multi-price_loop\">\n\t\t\t\t\t\t\t\t\t\t\t<li class=\"multi-price__item\">\n\t\t\t\t\t\t\t<span class=\"multi-price__label multi-price__label_loop\">150 gr<\/span>\n\t\t\t\t\t\t\t-\n\t\t\t\t\t\t\t<span class=\"multi-price__price multi-price__price_loop\">600 <span class=\"currency\">\u20ba<\/span><\/span>\n\t\t\t\t\t\t<\/li>\n\t\t\t\t\t\t\t\t\t<\/ul>\n\t\t\t\t\t\r\n\t\t\t\t\t\t\t\t<p>Panelenmi\u015f tavuk par\u00e7alar\u0131, bol votka sosu, mozarella peyniri, pesto sos ile \u00f6zel ta\u015f f\u0131r\u0131n ekme\u011finde servis edilir.<\/p>\n\t\t<\/div>\r\n\t<\/div>\r\n<\/li><li class=\"restorator-menu-item  post-667 dishes_menu type-dishes_menu status-publish has-post-thumbnail hentry dishes_categories-bsandvicler\">\r\n\t\t\t\r\n\t\t<div class=\"restorator-menu-item__thumbnail\">\r\n\t\t\t<span class=\"restorator-menu-item__thumbnail-zoom\" style=\"transform: rotate(-2deg)\">\r\n\t\t\t\t<img loading=\"lazy\" decoding=\"async\" width=\"400\" height=\"272\" src=\"https:\/\/www.theupperside.com\/wp-content\/uploads\/2025\/06\/5-400x272.jpg\" class=\"attachment-medium size-medium wp-post-image\" alt=\"\" \/>\t\t\t<\/span>\r\n\t\t\t<img loading=\"lazy\" decoding=\"async\" width=\"150\" height=\"150\" src=\"https:\/\/www.theupperside.com\/wp-content\/uploads\/2025\/06\/5-150x150.jpg\" class=\"attachment-thumbnail size-thumbnail wp-post-image\" alt=\"\" srcset=\"https:\/\/www.theupperside.com\/wp-content\/uploads\/2025\/06\/5-150x150.jpg 150w, https:\/\/www.theupperside.com\/wp-content\/uploads\/2025\/06\/5.jpg 400w\" sizes=\"(max-width: 150px) 100vw, 150px\" \/>\t\t<\/div>\t\t\t\r\n\t\t<div class=\"restorator-menu-item__entry\">\r\n\t\t<div class=\"restorator-menu-item__heading\">\r\n\t\t\t<h3 class=\"restorator-menu-item__title\">\r\n\t\t\t\t<a href=\"https:\/\/www.theupperside.com\/en\/mainmenu\/8-et-sandevic\/\" class=\"restorator-menu-item__title-link\">\r\n\t\t\t\t\t8 et sandvi\u00e7\t\t\t\t<\/a>\r\n\t\t\t<\/h3>\r\n\t\t\t<hr>\r\n\t\t\t<span class=\"restorator-menu-item__price\">750 <span class=\"currency\">\u20ba<\/span><\/span>\t\t<\/div>\r\n\t\t<div class=\"restorator-menu-item__desc\">\r\n\t\t\t\t\t\t\t\t\t\t\t\t\t\t<ul class=\"multi-price multi-price_loop\">\n\t\t\t\t\t\t\t\t\t\t\t<li class=\"multi-price__item\">\n\t\t\t\t\t\t\t<span class=\"multi-price__label multi-price__label_loop\">150 gr<\/span>\n\t\t\t\t\t\t\t-\n\t\t\t\t\t\t\t<span class=\"multi-price__price multi-price__price_loop\">750 <span class=\"currency\">\u20ba<\/span><\/span>\n\t\t\t\t\t\t<\/li>\n\t\t\t\t\t\t\t\t\t<\/ul>\n\t\t\t\t\t\r\n\t\t\t\t\t\t\t\t<p>8 saat s\u00fcresince pi\u015fen et ,ta\u015f f\u0131r\u0131n ekme\u011finde ve et suyu ile servis edilir.<\/p>\n\t\t<\/div>\r\n\t<\/div>\r\n<\/li>\t\t\t\t\t<\/ul>\n\t\t\t\t\t\t\t<\/div>\t\t\n\t\t\n\t\t\t\t\t\t<\/div>\n\t\t\t\t<\/div>\n\t\t\t\t<div class=\"elementor-element elementor-element-35293c8 elementor-widget elementor-widget-restorator_button\" data-id=\"35293c8\" data-element_type=\"widget\" data-e-type=\"widget\" data-widget_type=\"restorator_button.default\">\n\t\t\t\t<div class=\"elementor-widget-container\">\n\t\t\t\t\t\t\t\n\t\t\t\t\t\t\t\t\n\t\t\t\t\n\t\t<div class=\"btn-wrap align-center\">\n\t\t\t<a class=\"btn btn-elegant no\"href=\"https:\/\/www.theupperside.com\/mainmenunew\">\n\t\t\t\tT\u00fcm Men\u00fcm\u00fcz\t\t\t<\/a>\n\t\t<\/div>\n\t\t\n\t\t\t\t\t\t<\/div>\n\t\t\t\t<\/div>\n\t\t\t\t\t<\/div>\n\t\t\t\t<\/div>\n\t\t<div class=\"elementor-element elementor-element-87e533a e-flex e-con-boxed e-con e-parent\" data-id=\"87e533a\" data-element_type=\"container\" data-e-type=\"container\">\n\t\t\t\t\t<div class=\"e-con-inner\">\n\t\t\t\t<div class=\"elementor-element elementor-element-cfc51da elementor-widget elementor-widget-cristiano_latest_news\" data-id=\"cfc51da\" data-element_type=\"widget\" data-e-type=\"widget\" data-widget_type=\"cristiano_latest_news.default\">\n\t\t\t\t<div class=\"elementor-widget-container\">\n\t\t\t\t\t\t\t\n\t\t\t\t\n\t\t<div class=\"latest-news-block alignfull\">\n\t\t\t\t\t\t\t\t\t\t\t\t<div class=\"heading\">\n\t\t\t\t\t\t<h2 class=\"title\">Latest News<\/h2>\n\t\t\t\t\t\t<p class=\"subtitle\">From Our Blog<\/p>\n\t\t\t\t\t<\/div>\n\t\t\t\t\t\n\t\t\t\t<div>\t\n\t\t\t\t\t\t\t\t\t\t\t<div class=\"item\">\n\t\t\t\t\t\t\t<div class=\"wrap\">\n\t\t\t\t\t\t\t\t<div class=\"latest-news-inner\">\n\t\t\t\t\t\t\t\t\t<a href=\"https:\/\/www.theupperside.com\/en\/elevate-your-event-with-our-exceptional-catering-services\/\"><img loading=\"lazy\" decoding=\"async\" width=\"857\" height=\"571\" src=\"https:\/\/www.theupperside.com\/wp-content\/uploads\/2024\/07\/post-2-857x571.jpg\" class=\"attachment-medium_large size-medium_large wp-post-image\" alt=\"\" srcset=\"https:\/\/www.theupperside.com\/wp-content\/uploads\/2024\/07\/post-2-857x571.jpg 857w, https:\/\/www.theupperside.com\/wp-content\/uploads\/2024\/07\/post-2-408x272.jpg 408w, https:\/\/www.theupperside.com\/wp-content\/uploads\/2024\/07\/post-2-754x502.jpg 754w, https:\/\/www.theupperside.com\/wp-content\/uploads\/2024\/07\/post-2-1620x1080.jpg 1620w, https:\/\/www.theupperside.com\/wp-content\/uploads\/2024\/07\/post-2.jpg 1920w\" sizes=\"(max-width: 857px) 100vw, 857px\" \/><\/a>\n\t\t\t\t\t\t\t\t\t<div>\n\t\t\t\t\t\t\t\t\t\t<time class=\"date\" datetime=\"2024-07-22\">July 22, 2024<\/time>\n\t\t\t\t\t\t\t\t\t\t<h2 class=\"title-link\"><a href=\"https:\/\/www.theupperside.com\/en\/elevate-your-event-with-our-exceptional-catering-services\/\">Elevate Your Event with Our Exceptional Catering Services<\/a><\/h2>\t\n\t\t\t\t\t\t\t\t\t\t<p>Discover how our top-notch catering services can make your next event unforgettable, with customizable menus and impeccable service. Planning an event? Let Cristiano take care of all your catering needs&#8230;<\/p>\n\t\t\t\t\t\t\t\t\t\t<a class=\"btn-underline\" href=\"https:\/\/www.theupperside.com\/en\/elevate-your-event-with-our-exceptional-catering-services\/\">Read More<\/a>\n\t\t\t\t\t\t\t\t\t<\/div>\n\t\t\t\t\t\t\t\t<\/div>\n\t\t\t\t\t\t\t<\/div>\n\t\t\t\t\t\t\t<img loading=\"lazy\" decoding=\"async\" width=\"1620\" height=\"1080\" src=\"https:\/\/www.theupperside.com\/wp-content\/uploads\/2024\/07\/post-2-1620x1080.jpg\" class=\"cover parallax wp-post-image\" alt=\"\" srcset=\"https:\/\/www.theupperside.com\/wp-content\/uploads\/2024\/07\/post-2-1620x1080.jpg 1620w, https:\/\/www.theupperside.com\/wp-content\/uploads\/2024\/07\/post-2-408x272.jpg 408w, https:\/\/www.theupperside.com\/wp-content\/uploads\/2024\/07\/post-2-754x502.jpg 754w, https:\/\/www.theupperside.com\/wp-content\/uploads\/2024\/07\/post-2-857x571.jpg 857w, https:\/\/www.theupperside.com\/wp-content\/uploads\/2024\/07\/post-2.jpg 1920w\" sizes=\"(max-width: 1620px) 100vw, 1620px\" \/>\t\t\t\t\t\t<\/div>\n\t\t\t\t\t\t\t\t\t<\/div>\t\n\t\t\t\t\t<\/div>\t\t\n\t\n\t\t\t\t\t\t<\/div>\n\t\t\t\t<\/div>\n\t\t\t\t\t<\/div>\n\t\t\t\t<\/div>\n\t\t<div class=\"elementor-element elementor-element-59dd387 e-flex e-con-boxed e-con e-parent\" data-id=\"59dd387\" data-element_type=\"container\" data-e-type=\"container\">\n\t\t\t\t\t<div class=\"e-con-inner\">\n\t\t\t\t<div class=\"elementor-element elementor-element-c747489 elementor-widget elementor-widget-restorator_location_map\" data-id=\"c747489\" data-element_type=\"widget\" data-e-type=\"widget\" data-widget_type=\"restorator_location_map.default\">\n\t\t\t\t<div class=\"elementor-widget-container\">\n\t\t\t\t\t\r\n        <div class=\"page-heading-map alignfull\" style=\"height:40vh\">    \r\n            <div id=\"map\" style=\"height: 100%\"><\/div>\r\n                \r\n                    \r\n                    <script>\r\n                        var map = L.map('map').setView([36.85648065626639, 30.742578376245586], 12);\r\n                        var marker = L.marker([36.85648065626639, 30.742578376245586]).addTo(map);\r\n                        map.removeControl(map.zoomControl);            \r\n                        L.control.zoom({position: 'bottomright'}).addTo(map);\r\n                        L.tileLayer('https:\/\/tile.openstreetmap.org\/{z}\/{x}\/{y}.png', {\r\n                            maxZoom: 19,\r\n                            attribution: '',\r\n                            className: 'map-tiles'\r\n                        }).addTo(map);\r\n                        map.scrollWheelZoom.disable();\t\r\n                    <\/script> \r\n\r\n                        <\/div>\r\n\r\n        \t\t\t\t<\/div>\n\t\t\t\t<\/div>\n\t\t\t\t\t<\/div>\n\t\t\t\t<\/div>\n\t\t\t\t<\/div>\n\t\t","protected":false},"excerpt":{"rendered":"<p>The Upper Side Fener Yolu Lara Bistro &amp; Bar mutfa\u011f\u0131m\u0131za ho\u015f geldiniz. Men\u00fcm\u00fcz \u0130MZA \u00dcR\u00dcN\u00dcM\u00dcZ 8 et sandavi\u00e7, \u00f6zenle se\u00e7ilmi\u015f dana etinin 8 saat boyunca farkl\u0131 y\u00f6ntemlerle pi\u015firilerek kendi suyu&#8230;<\/p>","protected":false},"author":1,"featured_media":0,"parent":0,"menu_order":0,"comment_status":"closed","ping_status":"closed","template":"","meta":{"footnotes":""},"class_list":["post-5","page","type-page","status-publish","hentry"],"_links":{"self":[{"href":"https:\/\/www.theupperside.com\/en\/wp-json\/wp\/v2\/pages\/5","targetHints":{"allow":["GET"]}}],"collection":[{"href":"https:\/\/www.theupperside.com\/en\/wp-json\/wp\/v2\/pages"}],"about":[{"href":"https:\/\/www.theupperside.com\/en\/wp-json\/wp\/v2\/types\/page"}],"author":[{"embeddable":true,"href":"https:\/\/www.theupperside.com\/en\/wp-json\/wp\/v2\/users\/1"}],"replies":[{"embeddable":true,"href":"https:\/\/www.theupperside.com\/en\/wp-json\/wp\/v2\/comments?post=5"}],"version-history":[{"count":70,"href":"https:\/\/www.theupperside.com\/en\/wp-json\/wp\/v2\/pages\/5\/revisions"}],"predecessor-version":[{"id":765,"href":"https:\/\/www.theupperside.com\/en\/wp-json\/wp\/v2\/pages\/5\/revisions\/765"}],"wp:attachment":[{"href":"https:\/\/www.theupperside.com\/en\/wp-json\/wp\/v2\/media?parent=5"}],"curies":[{"name":"wp","href":"https:\/\/api.w.org\/{rel}","templated":true}]}}