{"id":233,"date":"2024-07-21T08:24:43","date_gmt":"2024-07-21T08:24:43","guid":{"rendered":"https:\/\/cristiano.ukrdevs.com\/restaurant\/elementor\/?page_id=11"},"modified":"2025-06-11T09:52:58","modified_gmt":"2025-06-11T09:52:58","slug":"contact-us","status":"publish","type":"page","link":"https:\/\/www.theupperside.com\/en\/contact-us\/","title":{"rendered":"\u0130leti\u015f\u0130m"},"content":{"rendered":"\t\t<div data-elementor-type=\"wp-page\" data-elementor-id=\"233\" class=\"elementor elementor-233\">\n\t\t\t\t<div class=\"elementor-element elementor-element-835856a e-flex e-con-boxed e-con e-parent\" data-id=\"835856a\" data-element_type=\"container\" data-e-type=\"container\">\n\t\t\t\t\t<div class=\"e-con-inner\">\n\t\t\t\t<div class=\"elementor-element elementor-element-c6d1bc6 elementor-widget elementor-widget-cristiano_heading\" data-id=\"c6d1bc6\" data-element_type=\"widget\" data-e-type=\"widget\" data-widget_type=\"cristiano_heading.default\">\n\t\t\t\t<div class=\"elementor-widget-container\">\n\t\t\t\t\t\t\t\t<div class=\"heading\">\n\t\t\t\t<h2 class=\"title\">Lokasyonumuz<\/h2>\n\t\t\t\t<p class=\"subtitle\">The Upper Side<\/p>\n\t\t\t<\/div>\n\t\t\t\t\t\t<\/div>\n\t\t\t\t<\/div>\n\t\t\t\t<div class=\"elementor-element elementor-element-0afc923 elementor-widget elementor-widget-cristiano_info_blocks\" data-id=\"0afc923\" data-element_type=\"widget\" data-e-type=\"widget\" data-widget_type=\"cristiano_info_blocks.default\">\n\t\t\t\t<div class=\"elementor-widget-container\">\n\t\t\t\t\t\n\t\t<div class=\"contact-details\">\n\t\t\t\t\t\t\t\t\t\t<div class=\"boxes cols-3\">\n\t\t\t\t\t\t\t\t\t\t\t<div class=\"box\">\n\t\t\t\t\t\t\t<h3>Adres<\/h3>\n\t\t\t\t\t\t\t<div class=\"content\"><p>\u015eirinyal\u0131 Lara Caddesi, 1511. Sk., 07160 Muratpa\u015fa\/Antalya<\/p>\n<\/div>\n\t\t\t\t\t\t\t\t\t\t\t\t\t\t\t<span class=\"icon-wrap\">\n\t\t\t\t\t\t\t\t\t<svg aria-hidden=\"true\" class=\"e-font-icon-svg e-fas-map-marker-alt\" viewBox=\"0 0 384 512\" xmlns=\"http:\/\/www.w3.org\/2000\/svg\"><path d=\"M172.268 501.67C26.97 291.031 0 269.413 0 192 0 85.961 85.961 0 192 0s192 85.961 192 192c0 77.413-26.97 99.031-172.268 309.67-9.535 13.774-29.93 13.773-39.464 0zM192 272c44.183 0 80-35.817 80-80s-35.817-80-80-80-80 35.817-80 80 35.817 80 80 80z\"><\/path><\/svg>\t\t\t\n\t\t\t\t\t\t\t\t<\/span>\n\t\t\t\t\t\t\t\t\t\t\t\t\n\t\t\t\t\t\t<\/div>\n\t\t\t\t\t\t\t\t\t\t\t<div class=\"box\">\n\t\t\t\t\t\t\t<h3>\u00c7al\u0131\u015fma Saatleri<\/h3>\n\t\t\t\t\t\t\t<div class=\"content\"><p>Her g\u00fcn 11:00 - 22:00<\/p>\n<\/div>\n\t\t\t\t\t\t\t\t\t\t\t\t\t\t\t<span class=\"icon-wrap\">\n\t\t\t\t\t\t\t\t\t<svg aria-hidden=\"true\" class=\"e-font-icon-svg e-fas-clock\" viewBox=\"0 0 512 512\" xmlns=\"http:\/\/www.w3.org\/2000\/svg\"><path d=\"M256,8C119,8,8,119,8,256S119,504,256,504,504,393,504,256,393,8,256,8Zm92.49,313h0l-20,25a16,16,0,0,1-22.49,2.5h0l-67-49.72a40,40,0,0,1-15-31.23V112a16,16,0,0,1,16-16h32a16,16,0,0,1,16,16V256l58,42.5A16,16,0,0,1,348.49,321Z\"><\/path><\/svg>\t\t\t\n\t\t\t\t\t\t\t\t<\/span>\n\t\t\t\t\t\t\t\t\t\t\t\t\n\t\t\t\t\t\t<\/div>\n\t\t\t\t\t\t\t\t\t\t\t<div class=\"box\">\n\t\t\t\t\t\t\t<h3>Telefon<\/h3>\n\t\t\t\t\t\t\t<div class=\"content\"><p>0 242 316 96 06<\/p>\n<\/div>\n\t\t\t\t\t\t\t\t\t\t\t\t\t\t\t<span class=\"icon-wrap\">\n\t\t\t\t\t\t\t\t\t<svg aria-hidden=\"true\" class=\"e-font-icon-svg e-fas-phone\" viewBox=\"0 0 512 512\" xmlns=\"http:\/\/www.w3.org\/2000\/svg\"><path d=\"M493.4 24.6l-104-24c-11.3-2.6-22.9 3.3-27.5 13.9l-48 112c-4.2 9.8-1.4 21.3 6.9 28l60.6 49.6c-36 76.7-98.9 140.5-177.2 177.2l-49.6-60.6c-6.8-8.3-18.2-11.1-28-6.9l-112 48C3.9 366.5-2 378.1.6 389.4l24 104C27.1 504.2 36.7 512 48 512c256.1 0 464-207.5 464-464 0-11.2-7.7-20.9-18.6-23.4z\"><\/path><\/svg>\t\t\t\n\t\t\t\t\t\t\t\t<\/span>\n\t\t\t\t\t\t\t\t\t\t\t\t\n\t\t\t\t\t\t<\/div>\n\t\t\t\t\t\t\t\t\t<\/div>\n\t\t\t\t\t<\/div>\n\t\t\n\t\t\t\t\t\t<\/div>\n\t\t\t\t<\/div>\n\t\t\t\t\t<\/div>\n\t\t\t\t<\/div>\n\t\t<div class=\"elementor-element elementor-element-e573b16 e-flex e-con-boxed e-con e-parent\" data-id=\"e573b16\" data-element_type=\"container\" data-e-type=\"container\">\n\t\t\t\t\t<div class=\"e-con-inner\">\n\t\t\t\t<div class=\"elementor-element elementor-element-58b9198 elementor-widget elementor-widget-restorator_contact_form_7\" data-id=\"58b9198\" data-element_type=\"widget\" data-e-type=\"widget\" data-widget_type=\"restorator_contact_form_7.default\">\n\t\t\t\t<div class=\"elementor-widget-container\">\n\t\t\t\t\t\t\t\t<div class=\"contact-form-7-block alignfull  \">\n\t\t\t\t<div>\n\t\t\t\t\t<div class=\"wrap\">\n\t\t\t\t\t\t\t\t\t\t\t\t\t<div class=\"heading heading-inside-widget\">\n\t\t\t\t\t\t\t\t<h2 class=\"title\">\u0130leti\u015f\u0130m Formu<\/h2>\n\t\t\t\t\t\t\t\t<p class=\"subtitle\">The Upper Side<\/p>\n\t\t\t\t\t\t\t<\/div>\n\t\t\t\t\t\t\t\n\t\t\t\t\t\t\n<div class=\"wpcf7 no-js\" id=\"wpcf7-f87-o1\" lang=\"en-US\" dir=\"ltr\" data-wpcf7-id=\"87\">\n<div class=\"screen-reader-response\"><p role=\"status\" aria-live=\"polite\" aria-atomic=\"true\"><\/p> <ul><\/ul><\/div>\n<form action=\"\/en\/wp-json\/wp\/v2\/pages\/233#wpcf7-f87-o1\" method=\"post\" class=\"wpcf7-form init\" aria-label=\"Contact form\" novalidate=\"novalidate\" data-status=\"init\">\n<fieldset class=\"hidden-fields-container\"><input type=\"hidden\" name=\"_wpcf7\" value=\"87\" \/><input type=\"hidden\" name=\"_wpcf7_version\" value=\"6.1.5\" \/><input type=\"hidden\" name=\"_wpcf7_locale\" value=\"en_US\" \/><input type=\"hidden\" name=\"_wpcf7_unit_tag\" value=\"wpcf7-f87-o1\" \/><input type=\"hidden\" name=\"_wpcf7_container_post\" value=\"0\" \/><input type=\"hidden\" name=\"_wpcf7_posted_data_hash\" value=\"\" \/>\n<\/fieldset>\n<div class=\"cols-3\">\n\t<p><label>\u0130sminiz<\/label><br \/>\n<span class=\"wpcf7-form-control-wrap\" data-name=\"your-name\"><input size=\"40\" maxlength=\"400\" class=\"wpcf7-form-control wpcf7-text wpcf7-validates-as-required\" autocomplete=\"name\" aria-required=\"true\" aria-invalid=\"false\" value=\"\" type=\"text\" name=\"your-name\" \/><\/span>\n\t<\/p>\n\t<p><label>E-mailiniz<\/label><br \/>\n<span class=\"wpcf7-form-control-wrap\" data-name=\"your-email\"><input size=\"40\" maxlength=\"400\" class=\"wpcf7-form-control wpcf7-email wpcf7-validates-as-required wpcf7-text wpcf7-validates-as-email\" autocomplete=\"email\" aria-required=\"true\" aria-invalid=\"false\" value=\"\" type=\"email\" name=\"your-email\" \/><\/span>\n\t<\/p>\n\t<p><label>Telefon numaran\u0131z<\/label><br \/>\n<span class=\"wpcf7-form-control-wrap\" data-name=\"your-phone\"><input size=\"40\" maxlength=\"400\" class=\"wpcf7-form-control wpcf7-text wpcf7-validates-as-required\" aria-required=\"true\" aria-invalid=\"false\" value=\"\" type=\"text\" name=\"your-phone\" \/><\/span>\n\t<\/p>\n<\/div>\n<p><label> Mesaj\u0131n\u0131z<\/label><br \/>\n<span class=\"wpcf7-form-control-wrap\" data-name=\"your-message\"><textarea cols=\"40\" rows=\"10\" maxlength=\"2000\" class=\"wpcf7-form-control wpcf7-textarea\" aria-invalid=\"false\" name=\"your-message\"><\/textarea><\/span>\n<\/p>\n<div class=\"align-center\">\n\t<p><input class=\"wpcf7-form-control wpcf7-submit has-spinner btn\" type=\"submit\" value=\"G\u00d6NDER\" \/>\n\t<\/p>\n<\/div><div class=\"wpcf7-response-output\" aria-hidden=\"true\"><\/div>\n<\/form>\n<\/div>\n\t\t\t\t\t<\/div>\n\t\t\t\t<\/div>\n\t\t\t\t\t\t\t<\/div>\n\t\t\t\t\t\t<\/div>\n\t\t\t\t<\/div>\n\t\t\t\t\t<\/div>\n\t\t\t\t<\/div>\n\t\t<div class=\"elementor-element elementor-element-558fd7a e-flex e-con-boxed e-con e-parent\" data-id=\"558fd7a\" data-element_type=\"container\" data-e-type=\"container\">\n\t\t\t\t\t<div class=\"e-con-inner\">\n\t\t\t\t<div class=\"elementor-element elementor-element-e76d613 elementor-widget elementor-widget-restorator_location_map\" data-id=\"e76d613\" data-element_type=\"widget\" data-e-type=\"widget\" data-widget_type=\"restorator_location_map.default\">\n\t\t\t\t<div class=\"elementor-widget-container\">\n\t\t\t\t\t\r\n        <div class=\"page-heading-map alignfull\" style=\"height:40vh\">    \r\n            <div id=\"map\" style=\"height: 100%\"><\/div>\r\n                \r\n                                        <script>\r\n                     \/\/ Initialize the map\r\n                     var map = L.map('map').setView([0, 0], 3);  \/\/ Initial view is arbitrary\r\n\r\n                        \/\/ Remove the default zoom control and add custom zoom control\r\n                        map.removeControl(map.zoomControl);            \r\n                        L.control.zoom({position: 'bottomright'}).addTo(map);\r\n\r\n                        \/\/ Add the tile layer\r\n                        L.tileLayer('https:\/\/tile.openstreetmap.org\/{z}\/{x}\/{y}.png', {\r\n                            attribution: '',\r\n                            className: 'map-tiles'\r\n                        }).addTo(map);\r\n\r\n                        \/\/ Disable scroll wheel zoom\r\n                        map.scrollWheelZoom.disable();\r\n\r\n                        \/\/ Create a feature group to hold all markers\r\n                        var markers = [];\r\n\r\n                                                    (function() {\r\n                                const latLng = [36.85648065626639, 30.742578376245586];\r\n                                const marker = L.marker(latLng).addTo(map);\r\n                                markers.push(marker);\r\n                            })();\r\n                        \r\n                        \/\/ Create a feature group from the markers array and fit the map to its bounds\r\n                        var group = L.featureGroup(markers);\r\n                        map.fitBounds(group.getBounds(), { padding: [50, 50] });\r\n                    <\/script>\r\n\r\n                        <\/div>\r\n\r\n        \t\t\t\t<\/div>\n\t\t\t\t<\/div>\n\t\t\t\t\t<\/div>\n\t\t\t\t<\/div>\n\t\t\t\t<\/div>\n\t\t","protected":false},"excerpt":{"rendered":"<p>Lokasyonumuz The Upper Side Adres \u015eirinyal\u0131 Lara Caddesi, 1511. Sk., 07160 Muratpa\u015fa\/Antalya \u00c7al\u0131\u015fma Saatleri Her g\u00fcn 11:00 &#8211; 22:00 Telefon 0 242 316 96 06 \u0130leti\u015f\u0130m Formu The Upper Side&#8230;<\/p>","protected":false},"author":1,"featured_media":93,"parent":0,"menu_order":0,"comment_status":"closed","ping_status":"closed","template":"","meta":{"footnotes":""},"class_list":["post-233","page","type-page","status-publish","has-post-thumbnail","hentry"],"_links":{"self":[{"href":"https:\/\/www.theupperside.com\/en\/wp-json\/wp\/v2\/pages\/233","targetHints":{"allow":["GET"]}}],"collection":[{"href":"https:\/\/www.theupperside.com\/en\/wp-json\/wp\/v2\/pages"}],"about":[{"href":"https:\/\/www.theupperside.com\/en\/wp-json\/wp\/v2\/types\/page"}],"author":[{"embeddable":true,"href":"https:\/\/www.theupperside.com\/en\/wp-json\/wp\/v2\/users\/1"}],"replies":[{"embeddable":true,"href":"https:\/\/www.theupperside.com\/en\/wp-json\/wp\/v2\/comments?post=233"}],"version-history":[{"count":9,"href":"https:\/\/www.theupperside.com\/en\/wp-json\/wp\/v2\/pages\/233\/revisions"}],"predecessor-version":[{"id":716,"href":"https:\/\/www.theupperside.com\/en\/wp-json\/wp\/v2\/pages\/233\/revisions\/716"}],"wp:featuredmedia":[{"embeddable":true,"href":"https:\/\/www.theupperside.com\/en\/wp-json\/wp\/v2\/media\/93"}],"wp:attachment":[{"href":"https:\/\/www.theupperside.com\/en\/wp-json\/wp\/v2\/media?parent=233"}],"curies":[{"name":"wp","href":"https:\/\/api.w.org\/{rel}","templated":true}]}}